













{"id":429,"date":"2020-08-24T20:00:11","date_gmt":"2020-08-24T20:00:11","guid":{"rendered":"https:\/\/www.sharmanestates.com\/?page_id=235"},"modified":"2020-08-24T20:00:11","modified_gmt":"2020-08-24T20:00:11","slug":"kaufen","status":"publish","type":"page","link":"https:\/\/www.sharmanestates.com\/index.php\/de\/kaufen\/","title":{"rendered":"Kaufen"},"content":{"rendered":"\n<p>Sobald Sie sich f\u00fcr den Kauf Ihres Traumhauses entschieden haben und der Preis ausgehandelt wurde, werden Sie von Sharman Estates durch jeden dieser 6 Schritte gef\u00fchrt. Der Kauf Ihres neuen Hauses war noch nie einfacher. <\/p>\n\n\n\n<h2 class=\"wp-block-heading\">Das 6-stufige Kaufverfahren<\/h2>\n\n\n\n<h3 class=\"wp-block-heading\">1. Erste Eigenschaftspr\u00fcfung<\/h3>\n\n\n\n<p>Vor Ihrer Anzahlung f\u00fcr die Immobilie erwirbt Sharman Estates die Nota Simple (oder &quot;Land Registry Local Search&quot;) f\u00fcr die Immobilie. Dies stellt sicher, dass das Grundst\u00fcck schuldenfrei ist, best\u00e4tigt das Eigentum und liefert eine Beschreibung des Grundst\u00fccks, die mit den Informationen des K\u00e4ufers verglichen wird. <\/p>\n\n\n\n<h3 class=\"wp-block-heading\">2. Finanzierung der Immobilie<\/h3>\n\n\n\n<p>Wenn Sie vorhaben, die Immobilie mit einer Hypothek zu finanzieren, hilft Ihnen Sharman Estates gerne weiter. Um mehr \u00fcber Hypotheken und unser Angebot zu erfahren, nutzen Sie bitte das Kontaktformular, um mit einem unserer erfahrenen Agenten zu sprechen.<\/p>\n\n\n\n<h3 class=\"wp-block-heading\">3. Der Vorverkaufsvertrag<\/h3>\n\n\n\n<p>Vor der Unterzeichnung der \u00f6ffentlichen Urkunde ist es \u00fcblich, ein einfaches Dokument mit dem Verk\u00e4ufer zu unterzeichnen, in dem der Verk\u00e4ufer seine Absicht zum Ausdruck bringt, die Immobilie an den K\u00e4ufer zu \u00fcbertragen, und der K\u00e4ufer seine Absicht zum Ausdruck bringt, die Immobilie zu dem angegebenen Preis und den angegebenen Bedingungen zu kaufen zuvor vereinbart. <br><br>Anschlie\u00dfend wird eine Anzahlung zwischen 5 und 10% geleistet. Die Vereinbarung sieht normalerweise vor, dass der K\u00e4ufer die Anzahlung verliert, wenn er vom Vertrag zur\u00fccktritt. Wenn der Verk\u00e4ufer vom Vertrag zur\u00fccktritt, muss er das Doppelte bezahlen. Dies ist jedoch eine private Vereinbarung, und daher k\u00f6nnen sich K\u00e4ufer und Verk\u00e4ufer auf alles einigen, was sie f\u00fcr angemessen halten.<\/p>\n\n\n\n<h3 class=\"wp-block-heading\">4. Vor dem Kauf<\/h3>\n\n\n\n<p>Um ein Bankkonto zu er\u00f6ffnen und eine Immobilie in Spanien zu kaufen, ben\u00f6tigen Sie eine NIE-Identifikationsnummer. Wenn Sie noch keine NIE-Nummer haben, arrangiert Sharman Estates diese gerne f\u00fcr Sie. Wir k\u00f6nnen Ihnen auch bei der Er\u00f6ffnung eines spanischen Bankkontos behilflich sein, das erforderlich ist, um das Geld f\u00fcr den Kauf der Immobilie zu \u00fcberweisen. <\/p>\n\n\n\n<p>Wenn Sie zu irgendeinem Zeitpunkt spanische \u00dcbersetzungsdienste ben\u00f6tigen, sind wir Ihnen gerne behilflich.<\/p>\n\n\n\n<h3 class=\"wp-block-heading\">5. Hypothekenbewertung<\/h3>\n\n\n\n<p>Nachdem die Bank eine Kopie des Vorverkaufsvertrags erhalten hat, sendet sie einen Gutachter, um die Immobilie zu bewerten. In der Regel stellt die Bank nur ein Darlehen zur Verf\u00fcgung, das einem festgelegten Prozentsatz des gesch\u00e4tzten Wertes des Hauses entspricht. Die Kosten k\u00f6nnen zwischen 300 &#8211; 500 EUR liegen. <\/p>\n\n\n\n<h3 class=\"wp-block-heading\">6. Unterschrift &amp; Abschluss<\/h3>\n\n\n\n<p>Bei Sharman Estates h\u00f6ren Sie nie auf, unser Kunde zu sein. Unsere Nachverkaufsservices gew\u00e4hrleisten den einfachsten \u00dcbergang zu Ihrem neuen Zuhause. Wir sorgen daf\u00fcr, dass die korrekten Steuern gezahlt wurden, dass alle Versorgungsvertr\u00e4ge in Ihrem Namen \u00fcbertragen und eingerichtet werden, zusammen mit den entsprechenden Lastschriften. Wir registrieren Ihre Immobilie auch beim Grundbuchamt in Ihrem Namen.<\/p>\n","protected":false},"excerpt":{"rendered":"<p>Sobald Sie sich f\u00fcr den Kauf Ihres Traumhauses entschieden haben und der Preis ausgehandelt wurde, werden Sie von Sharman Estates durch jeden dieser 6 Schritte gef\u00fchrt. Der Kauf Ihres neuen Hauses war noch nie einfacher. Das 6-stufige Kaufverfahren 1. Erste Eigenschaftspr\u00fcfung Vor Ihrer Anzahlung f\u00fcr die Immobilie erwirbt Sharman Estates die Nota Simple (oder &quot;Land [&hellip;]<\/p>\n","protected":false},"author":5,"featured_media":0,"parent":0,"menu_order":0,"comment_status":"closed","ping_status":"closed","template":"","meta":{"_monsterinsights_skip_tracking":false,"_monsterinsights_sitenote_active":false,"_monsterinsights_sitenote_note":"","_monsterinsights_sitenote_category":0,"footnotes":""},"jetpack_sharing_enabled":true,"_links":{"self":[{"href":"https:\/\/www.sharmanestates.com\/index.php\/wp-json\/wp\/v2\/pages\/429"}],"collection":[{"href":"https:\/\/www.sharmanestates.com\/index.php\/wp-json\/wp\/v2\/pages"}],"about":[{"href":"https:\/\/www.sharmanestates.com\/index.php\/wp-json\/wp\/v2\/types\/page"}],"author":[{"embeddable":true,"href":"https:\/\/www.sharmanestates.com\/index.php\/wp-json\/wp\/v2\/users\/5"}],"replies":[{"embeddable":true,"href":"https:\/\/www.sharmanestates.com\/index.php\/wp-json\/wp\/v2\/comments?post=429"}],"version-history":[{"count":0,"href":"https:\/\/www.sharmanestates.com\/index.php\/wp-json\/wp\/v2\/pages\/429\/revisions"}],"wp:attachment":[{"href":"https:\/\/www.sharmanestates.com\/index.php\/wp-json\/wp\/v2\/media?parent=429"}],"curies":[{"name":"wp","href":"https:\/\/api.w.org\/{rel}","templated":true}]}}