













{"id":456,"date":"2020-08-22T18:13:12","date_gmt":"2020-08-22T18:13:12","guid":{"rendered":"https:\/\/www.sharmanestates.com\/?page_id=167"},"modified":"2020-09-27T20:25:12","modified_gmt":"2020-09-27T20:25:12","slug":"anforderungsbewertung","status":"publish","type":"page","link":"https:\/\/www.sharmanestates.com\/index.php\/de\/anforderungsbewertung\/","title":{"rendered":"Bewertung anfordern"},"content":{"rendered":"\n<p>Fordern Sie noch heute eine Bewertung f\u00fcr Ihre Immobilie an! Unser erfahrenes Team wird sich bem\u00fchen, Ihnen eine genaue Beurteilung zu geben, entweder virtuell oder pers\u00f6nlich.<\/p>\n\n\n[rainmaker_form id=&#8221;380&#8243;]\n","protected":false},"excerpt":{"rendered":"<p>Fordern Sie noch heute eine Bewertung f\u00fcr Ihre Immobilie an! Unser erfahrenes Team wird sich bem\u00fchen, Ihnen eine genaue Beurteilung zu geben, entweder virtuell oder pers\u00f6nlich.<\/p>\n","protected":false},"author":5,"featured_media":0,"parent":0,"menu_order":0,"comment_status":"closed","ping_status":"closed","template":"","meta":{"_monsterinsights_skip_tracking":false,"_monsterinsights_sitenote_active":false,"_monsterinsights_sitenote_note":"","_monsterinsights_sitenote_category":0,"footnotes":""},"jetpack_sharing_enabled":true,"_links":{"self":[{"href":"https:\/\/www.sharmanestates.com\/index.php\/wp-json\/wp\/v2\/pages\/456"}],"collection":[{"href":"https:\/\/www.sharmanestates.com\/index.php\/wp-json\/wp\/v2\/pages"}],"about":[{"href":"https:\/\/www.sharmanestates.com\/index.php\/wp-json\/wp\/v2\/types\/page"}],"author":[{"embeddable":true,"href":"https:\/\/www.sharmanestates.com\/index.php\/wp-json\/wp\/v2\/users\/5"}],"replies":[{"embeddable":true,"href":"https:\/\/www.sharmanestates.com\/index.php\/wp-json\/wp\/v2\/comments?post=456"}],"version-history":[{"count":1,"href":"https:\/\/www.sharmanestates.com\/index.php\/wp-json\/wp\/v2\/pages\/456\/revisions"}],"predecessor-version":[{"id":1221,"href":"https:\/\/www.sharmanestates.com\/index.php\/wp-json\/wp\/v2\/pages\/456\/revisions\/1221"}],"wp:attachment":[{"href":"https:\/\/www.sharmanestates.com\/index.php\/wp-json\/wp\/v2\/media?parent=456"}],"curies":[{"name":"wp","href":"https:\/\/api.w.org\/{rel}","templated":true}]}}