













{"id":460,"date":"2020-08-22T18:13:12","date_gmt":"2020-08-22T18:13:12","guid":{"rendered":"https:\/\/www.sharmanestates.com\/?page_id=167"},"modified":"2020-09-27T19:23:59","modified_gmt":"2020-09-27T19:23:59","slug":"solicitud-valoracion","status":"publish","type":"page","link":"https:\/\/www.sharmanestates.com\/index.php\/es\/solicitud-valoracion\/","title":{"rendered":"Solicitar valoraci\u00f3n"},"content":{"rendered":"\n<p>\u00a1Solicite una valoraci\u00f3n para su propiedad hoy! Nuestro equipo experimentado trabajar\u00e1 para brindarle una valoraci\u00f3n precisa, ya sea de forma virtual o en persona.<\/p>\n\n\n[rainmaker_form id=&#8221;380&#8243;]\n","protected":false},"excerpt":{"rendered":"<p>\u00a1Solicite una valoraci\u00f3n para su propiedad hoy! Nuestro equipo experimentado trabajar\u00e1 para brindarle una valoraci\u00f3n precisa, ya sea de forma virtual o en persona.<\/p>\n","protected":false},"author":5,"featured_media":0,"parent":0,"menu_order":0,"comment_status":"closed","ping_status":"closed","template":"","meta":{"_monsterinsights_skip_tracking":false,"_monsterinsights_sitenote_active":false,"_monsterinsights_sitenote_note":"","_monsterinsights_sitenote_category":0,"footnotes":""},"jetpack_sharing_enabled":true,"_links":{"self":[{"href":"https:\/\/www.sharmanestates.com\/index.php\/wp-json\/wp\/v2\/pages\/460"}],"collection":[{"href":"https:\/\/www.sharmanestates.com\/index.php\/wp-json\/wp\/v2\/pages"}],"about":[{"href":"https:\/\/www.sharmanestates.com\/index.php\/wp-json\/wp\/v2\/types\/page"}],"author":[{"embeddable":true,"href":"https:\/\/www.sharmanestates.com\/index.php\/wp-json\/wp\/v2\/users\/5"}],"replies":[{"embeddable":true,"href":"https:\/\/www.sharmanestates.com\/index.php\/wp-json\/wp\/v2\/comments?post=460"}],"version-history":[{"count":2,"href":"https:\/\/www.sharmanestates.com\/index.php\/wp-json\/wp\/v2\/pages\/460\/revisions"}],"predecessor-version":[{"id":1211,"href":"https:\/\/www.sharmanestates.com\/index.php\/wp-json\/wp\/v2\/pages\/460\/revisions\/1211"}],"wp:attachment":[{"href":"https:\/\/www.sharmanestates.com\/index.php\/wp-json\/wp\/v2\/media?parent=460"}],"curies":[{"name":"wp","href":"https:\/\/api.w.org\/{rel}","templated":true}]}}