













{"id":504,"date":"2020-08-24T20:00:34","date_gmt":"2020-08-24T20:00:34","guid":{"rendered":"https:\/\/www.sharmanestates.com\/?page_id=239"},"modified":"2020-10-12T18:50:38","modified_gmt":"2020-10-12T18:50:38","slug":"informasjon","status":"publish","type":"page","link":"https:\/\/www.sharmanestates.com\/index.php\/no\/informasjon\/","title":{"rendered":"Informasjon"},"content":{"rendered":"\n<p>Sharman Estates tilbyr et stort utvalg av tjenester. Vi er stolte av v\u00e5r fleksible, skreddersydde kundeservice, for \u00e5 passe dine individuelle behov.<\/p>\n\n\n\n<p>Klikk <a href=\"https:\/\/www.sharmanestates.com\/index.php\/contact-us\/\">p\u00e5 &#8220;Be om tilbud&#8221; <\/a>for \u00e5 be om et gratis, ikke-forpliktende tilbud i dag!<\/p>\n\n\n\n<hr class=\"wp-block-separator\"\/>\n\n\n\n<h3 class=\"wp-block-heading\" id=\"property-management\">Tjenester for eiendomsforvaltning<\/h3>\n\n\n\n<p id=\"block-970ebf44-25b3-413c-8eab-90c16ccc0ea1\">Vi tar vare p\u00e5 alle dine eiendomsbehov*, fra \u00e5 ta vare p\u00e5 hjemmet ditt n\u00e5r du er borte til \u00e5 administrere alle tjenester knyttet til utleie av ditt hjem hvis dette er ruten du bestemmer deg for \u00e5 g\u00e5 ned.<\/p>\n\n\n\n<h4 class=\"has-text-align-center wp-block-heading\">Utleie tjenester:<\/h4>\n\n\n\n<div class=\"wp-block-group\"><div class=\"wp-block-group__inner-container is-layout-flow wp-block-group-is-layout-flow\">\n<ul id=\"block-0d805f1b-d0f1-46fb-ab7f-6b1e09ea80be\"><li>Finne leietakere for langsiktige og kortsiktige utleie.<\/li><li>Du kan sjekke inn og ut.<\/li><li>Rengj\u00f8ring *<\/li><li>Velkomstpakker*<\/li><li>Vedlikehold av basseng*<\/li><li>Vedlikehold av hagearbeid*<\/li><\/ul>\n\n\n\n<hr class=\"wp-block-separator\"\/>\n\n\n\n<p><\/p>\n<\/div><\/div>\n\n\n\n<h3 class=\"wp-block-heading\" id=\"pre-post-sale\">Tilleggstjenester<\/h3>\n\n\n\n<p>Vi \u00f8nsker \u00e5 gj\u00f8re din erfaring med Sharman Estates s\u00e5 enkel og s\u00e5 stressfri som mulig, og utvalget av tjenester vi tilbyr gjenspeiler denne etosen. <\/p>\n\n\n\n<p style=\"font-size:18px\"><strong>Administrative tjenester<\/strong><\/p>\n\n\n\n<ul><li>Innhenting av NIE og \/ eller bosted<\/li><li>Gjennomgang av b\u00e5de tilbud og private kontrakter<\/li><li>Registreringsskjemaer <\/li><li>\u00c5pning av bankkontoer<\/li><li>Enhver kj\u00f8ret\u00f8yrelatert tjeneste <\/li><\/ul>\n\n\n\n<p style=\"font-size:18px\"><strong>Skatterelaterte tjenester<\/strong><\/p>\n\n\n\n<ul><li>Selvangivelse og personlig inntektsskatt<\/li><li>\u00d8konomisk representasjon i offentlig administrasjon<\/li><li>Skatteinformasjon og r\u00e5d<\/li><\/ul>\n\n\n\n<p style=\"font-size:18px\"><strong>Andre tjenester<\/strong><\/p>\n\n\n\n<ul><li>Alle typer forsikringer<\/li><li><a href=\"http:\/\/www.topsrentacar.com\/\" target=\"_blank\" rel=\"noreferrer noopener\">Bilutleie<\/a><\/li><li><a rel=\"noreferrer noopener\" href=\"http:\/\/www.granalacantconstructions.com\" target=\"_blank\">Sitater for oppussing og konstruksjoner fungerer<\/a><\/li><\/ul>\n\n\n\n<p>Det er ingen tjeneste for liten, s\u00e5 hvis du ikke finner det du leter etter, kontakt oss og vi vil hjelpe deg.<\/p>\n\n\n\n<hr class=\"wp-block-separator\"\/>\n\n\n\n<h3 class=\"wp-block-heading\" id=\"mortgages\">Boligl\u00e5n<\/h3>\n\n\n\n<p>Hvis du planlegger \u00e5 finansiere hjemmet ditt med et boligl\u00e5n, er Sharman Estates her for \u00e5 hjelpe. Vi samarbeider med store banker og meglere over hele Spania, for \u00e5 skreddersy best mulig tilbud for deg. Klikk <a href=\"https:\/\/www.sharmanestates.com\/index.php\/contact-us\/\">p\u00e5 &#8220;Kontakt oss<\/a>&#8221; for \u00e5 finne ut mer.<\/p>\n\n\n\n<p><\/p>\n","protected":false},"excerpt":{"rendered":"<p>Sharman Estates tilbyr et stort utvalg av tjenester. Vi er stolte av v\u00e5r fleksible, skreddersydde kundeservice, for \u00e5 passe dine individuelle behov. Klikk p\u00e5 &#8220;Be om tilbud&#8221; for \u00e5 be om et gratis, ikke-forpliktende tilbud i dag! Tjenester for eiendomsforvaltning Vi tar vare p\u00e5 alle dine eiendomsbehov*, fra \u00e5 ta vare p\u00e5 hjemmet ditt n\u00e5r [&hellip;]<\/p>\n","protected":false},"author":5,"featured_media":0,"parent":0,"menu_order":0,"comment_status":"closed","ping_status":"closed","template":"","meta":{"_monsterinsights_skip_tracking":false,"_monsterinsights_sitenote_active":false,"_monsterinsights_sitenote_note":"","_monsterinsights_sitenote_category":0,"footnotes":""},"jetpack_sharing_enabled":true,"_links":{"self":[{"href":"https:\/\/www.sharmanestates.com\/index.php\/wp-json\/wp\/v2\/pages\/504"}],"collection":[{"href":"https:\/\/www.sharmanestates.com\/index.php\/wp-json\/wp\/v2\/pages"}],"about":[{"href":"https:\/\/www.sharmanestates.com\/index.php\/wp-json\/wp\/v2\/types\/page"}],"author":[{"embeddable":true,"href":"https:\/\/www.sharmanestates.com\/index.php\/wp-json\/wp\/v2\/users\/5"}],"replies":[{"embeddable":true,"href":"https:\/\/www.sharmanestates.com\/index.php\/wp-json\/wp\/v2\/comments?post=504"}],"version-history":[{"count":8,"href":"https:\/\/www.sharmanestates.com\/index.php\/wp-json\/wp\/v2\/pages\/504\/revisions"}],"predecessor-version":[{"id":1759,"href":"https:\/\/www.sharmanestates.com\/index.php\/wp-json\/wp\/v2\/pages\/504\/revisions\/1759"}],"wp:attachment":[{"href":"https:\/\/www.sharmanestates.com\/index.php\/wp-json\/wp\/v2\/media?parent=504"}],"curies":[{"name":"wp","href":"https:\/\/api.w.org\/{rel}","templated":true}]}}