













{"id":506,"date":"2020-08-24T20:00:22","date_gmt":"2020-08-24T20:00:22","guid":{"rendered":"https:\/\/www.sharmanestates.com\/?page_id=237"},"modified":"2020-09-09T11:23:13","modified_gmt":"2020-09-09T11:23:13","slug":"vender","status":"publish","type":"page","link":"https:\/\/www.sharmanestates.com\/index.php\/es\/vender\/","title":{"rendered":"Vender"},"content":{"rendered":"\n<p>Vender una casa puede ser un proceso tedioso y complicado. Afortunadamente, Sharman Estates est\u00e1 aqu\u00ed para simplificarlo. Nuestra amplia experiencia y orientaci\u00f3n est\u00e1 siempre a mano para garantizar que la venta de su propiedad se realice de la mejor manera posible. <\/p>\n\n\n\n<h3 class=\"wp-block-heading\">\u00bfQu\u00e9 necesitas para iniciar el procedimiento de venta?<\/h3>\n\n\n\n<ol><li>Haga clic en el bot\u00f3n &#8220;Cont\u00e1ctenos&#8221; para concertar una cita sin compromiso o una valoraci\u00f3n. A continuaci\u00f3n, ofrecemos experiencia adaptada a sus necesidades individuales, adem\u00e1s de proporcionar asesoramiento sobre c\u00f3mo proceder.<\/li><li>Nuestro agente describir\u00e1 lo que obtiene al vender con Sharman Estates.<\/li><li>Firma del contrato de mandato de venta.<\/li><li>Organizaremos una cita para ver la propiedad antes de la sesi\u00f3n de fotos para promocionarla de la mejor manera posible.<\/li><li>Si no vive en la propiedad, por favor proporcione un juego de llaves despu\u00e9s de firmar el contrato. Recuerde facilitar tambi\u00e9n una llave para la urbanizaci\u00f3n.<\/li><\/ol>\n\n\n\n<h3 class=\"wp-block-heading\">Documentos requeridos<\/h3>\n\n\n\n<p>Una vez que haya decidido que es hora de seguir adelante, se requerir\u00e1n los siguientes documentos:<\/p>\n\n\n\n<ul><li>La escritura de compraventa original.<\/li><li>Certificado energ\u00e9tico.<\/li><li>Pasaportes \/ DNI \/ NIE.<\/li><li>\u00daltimas facturas de servicios p\u00fablicos.<\/li><li>Recibo IBI.<\/li><li>Cualquier documento relativo a las obras realizadas en la propiedad a lo largo de los a\u00f1os.<\/li><\/ul>\n","protected":false},"excerpt":{"rendered":"<p>Vender una casa puede ser un proceso tedioso y complicado. Afortunadamente, Sharman Estates est\u00e1 aqu\u00ed para simplificarlo. Nuestra amplia experiencia y orientaci\u00f3n est\u00e1 siempre a mano para garantizar que la venta de su propiedad se realice de la mejor manera posible. \u00bfQu\u00e9 necesitas para iniciar el procedimiento de venta? Haga clic en el bot\u00f3n &#8220;Cont\u00e1ctenos&#8221; [&hellip;]<\/p>\n","protected":false},"author":5,"featured_media":0,"parent":0,"menu_order":0,"comment_status":"closed","ping_status":"closed","template":"","meta":{"_monsterinsights_skip_tracking":false,"_monsterinsights_sitenote_active":false,"_monsterinsights_sitenote_note":"","_monsterinsights_sitenote_category":0,"footnotes":""},"jetpack_sharing_enabled":true,"_links":{"self":[{"href":"https:\/\/www.sharmanestates.com\/index.php\/wp-json\/wp\/v2\/pages\/506"}],"collection":[{"href":"https:\/\/www.sharmanestates.com\/index.php\/wp-json\/wp\/v2\/pages"}],"about":[{"href":"https:\/\/www.sharmanestates.com\/index.php\/wp-json\/wp\/v2\/types\/page"}],"author":[{"embeddable":true,"href":"https:\/\/www.sharmanestates.com\/index.php\/wp-json\/wp\/v2\/users\/5"}],"replies":[{"embeddable":true,"href":"https:\/\/www.sharmanestates.com\/index.php\/wp-json\/wp\/v2\/comments?post=506"}],"version-history":[{"count":1,"href":"https:\/\/www.sharmanestates.com\/index.php\/wp-json\/wp\/v2\/pages\/506\/revisions"}],"predecessor-version":[{"id":629,"href":"https:\/\/www.sharmanestates.com\/index.php\/wp-json\/wp\/v2\/pages\/506\/revisions\/629"}],"wp:attachment":[{"href":"https:\/\/www.sharmanestates.com\/index.php\/wp-json\/wp\/v2\/media?parent=506"}],"curies":[{"name":"wp","href":"https:\/\/api.w.org\/{rel}","templated":true}]}}