













{"id":507,"date":"2020-08-24T20:00:22","date_gmt":"2020-08-24T20:00:22","guid":{"rendered":"https:\/\/www.sharmanestates.com\/?page_id=237"},"modified":"2020-09-29T20:39:53","modified_gmt":"2020-09-29T20:39:53","slug":"vendre","status":"publish","type":"page","link":"https:\/\/www.sharmanestates.com\/index.php\/fr\/vendre\/","title":{"rendered":"Vente"},"content":{"rendered":"\n<p>Vendre une maison peut \u00eatre un processus fastidieux et compliqu\u00e9. Heureusement, Sharman Estates est l\u00e0 pour simplifier les choses. Notre riche exp\u00e9rience et nos conseils sont toujours \u00e0 votre disposition pour vous assurer que la vente de votre propri\u00e9t\u00e9 se d\u00e9roule aussi facilement que possible. <\/p>\n\n\n\n<h3 class=\"wp-block-heading\">De quoi avez-vous besoin pour d\u00e9marrer la proc\u00e9dure de vente?<\/h3>\n\n\n\n<ol><li>Cliquez sur le bouton \u00abContactez-nous\u00bb pour convenir d&#8217;un rendez-vous ou d&#8217;une estimation sans engagement. Nous proposons ensuite une experience adapt\u00e9e \u00e0 vos besoins individuels, ainsi que des conseils sur la fa\u00e7on de proc\u00e9der.<\/li><li>Notre agent vous expliquera ce que vous obtenez en vendant avec Sharman Estates.<\/li><li>Signature du contrat de mandat de vente.<\/li><li>Assurez-vous de styliser votre propri\u00e9t\u00e9 avant la prise de vue.<\/li><li>Si vous n&#8217;habitez pas dans la propri\u00e9t\u00e9, veuillez nous fournir un jeu de cl\u00e9s apr\u00e8s la signature du contrat. N&#8217;oubliez pas de faciliter \u00e9galement une cl\u00e9 pour l&#8217;urbanisation.<\/li><\/ol>\n\n\n\n<h3 class=\"wp-block-heading\">Vendre une maison &#8211; Documents requis<\/h3>\n\n\n\n<p>Une fois que vous avez d\u00e9cid\u00e9 qu&#8217;il est temps de passer \u00e0 autre chose, les documents suivants seront requis:<\/p>\n\n\n\n<ul><li>L&#8217;acte de vente original.<\/li><li>Certificat \u00e9nerg\u00e9tique.<\/li><li>Passeports \/ DNI \/ NIE.<\/li><li>Derni\u00e8res factures de services publics.<\/li><li>Re\u00e7u IBI.<\/li><li>Tous les documents relatifs aux travaux r\u00e9alis\u00e9s sur la propri\u00e9t\u00e9 au fil des ann\u00e9es.<\/li><\/ul>\n","protected":false},"excerpt":{"rendered":"<p>Vendre une maison peut \u00eatre un processus fastidieux et compliqu\u00e9. Heureusement, Sharman Estates est l\u00e0 pour simplifier les choses. Notre riche exp\u00e9rience et nos conseils sont toujours \u00e0 votre disposition pour vous assurer que la vente de votre propri\u00e9t\u00e9 se d\u00e9roule aussi facilement que possible. De quoi avez-vous besoin pour d\u00e9marrer la proc\u00e9dure de vente? [&hellip;]<\/p>\n","protected":false},"author":5,"featured_media":0,"parent":0,"menu_order":0,"comment_status":"closed","ping_status":"closed","template":"","meta":{"_monsterinsights_skip_tracking":false,"_monsterinsights_sitenote_active":false,"_monsterinsights_sitenote_note":"","_monsterinsights_sitenote_category":0,"footnotes":""},"jetpack_sharing_enabled":true,"_links":{"self":[{"href":"https:\/\/www.sharmanestates.com\/index.php\/wp-json\/wp\/v2\/pages\/507"}],"collection":[{"href":"https:\/\/www.sharmanestates.com\/index.php\/wp-json\/wp\/v2\/pages"}],"about":[{"href":"https:\/\/www.sharmanestates.com\/index.php\/wp-json\/wp\/v2\/types\/page"}],"author":[{"embeddable":true,"href":"https:\/\/www.sharmanestates.com\/index.php\/wp-json\/wp\/v2\/users\/5"}],"replies":[{"embeddable":true,"href":"https:\/\/www.sharmanestates.com\/index.php\/wp-json\/wp\/v2\/comments?post=507"}],"version-history":[{"count":3,"href":"https:\/\/www.sharmanestates.com\/index.php\/wp-json\/wp\/v2\/pages\/507\/revisions"}],"predecessor-version":[{"id":1317,"href":"https:\/\/www.sharmanestates.com\/index.php\/wp-json\/wp\/v2\/pages\/507\/revisions\/1317"}],"wp:attachment":[{"href":"https:\/\/www.sharmanestates.com\/index.php\/wp-json\/wp\/v2\/media?parent=507"}],"curies":[{"name":"wp","href":"https:\/\/api.w.org\/{rel}","templated":true}]}}