













{"id":581,"date":"2020-08-17T19:01:58","date_gmt":"2020-08-17T19:01:58","guid":{"rendered":"https:\/\/www.sharmanestates.com\/?page_id=15"},"modified":"2020-09-14T10:14:25","modified_gmt":"2020-09-14T10:14:25","slug":"para-alquilar","status":"publish","type":"page","link":"https:\/\/www.sharmanestates.com\/index.php\/es\/para-alquilar\/","title":{"rendered":"En alquiler"},"content":{"rendered":"<div class=\"propertyhive propertyhive-properties-shortcode columns-2\">\n\t\t\t<ul class=\"properties propertyhive-shortcode-carousel clear\">\n\t\t\t\t\n\t\t\t\t\t<li class=\"clear first post-980 type-property status-publish has-post-thumbnail availability-to-let property_type-bungalow location-gran-alacant parking-on-road-parking outside_space-balcony outside_space-south-facing-garden furnished-furnished property department-residential-lettings office-56\">\n\n\t\n    <div class=\"thumbnail\">\n    \t<a href=\"https:\/\/www.sharmanestates.com\/index.php\/property\/monte-y-mar-top-floor-bungalow-near-all-amenties\/\">\n    \t\t<img decoding=\"async\" src=\"https:\/\/www.sharmanestates.com\/wp-content\/uploads\/2020\/09\/IMG_9883-1024x768.jpg\" alt=\"MONTE Y MAR &#8211; TOP FLOOR BUNGALOW NEAR ALL AMENITIES\" class=\"\"><div class=\"flag flag-to-let\" style=\"position:absolute; text-transform:uppercase; font-size:13px; box-sizing:border-box; padding:7px 20px; top:0; left:0;; color:#f8bd3c; background:#411051;\">To Let<\/div>        <\/a>\n    <\/div>\n    \n    <div class=\"details\">\n    \n    \t<h3><a href=\"https:\/\/www.sharmanestates.com\/index.php\/property\/monte-y-mar-top-floor-bungalow-near-all-amenties\/\">MONTE Y MAR &#8211; TOP FLOOR BUNGALOW NEAR ALL AMENITIES<\/a><\/h3>\n        \n    \t<div class=\"price\">\n\n\t750&euro; pw\t\n\t\n<\/div><div class=\"summary\">\n\n\tThis modern top floor bungalow with south facing balcony and lower terrace located in the Monte y Mar area is available for short term letting all year around.\r\n\r\nBoasting of 2 bedrooms, 1 bathroom, living area, fully equipped kitchen this is the perfect holiday apartment for a family or friends esc...\n<\/div><div class=\"ref\">Ref: SE004<\/div><div class=\"rooms\"><div class=\"room room-bedrooms\"><span class=\"room-count\">2<\/span> <span class=\"room-label\">Bedrooms<\/span><\/div><div class=\"room room-bathrooms\"><span class=\"room-count\">1<\/span> <span class=\"room-label\">Bathroom<\/span><\/div><div class=\"room room-receptions\"><span class=\"room-count\">1<\/span> <span class=\"room-label\">Reception<\/span><\/div><\/div><div class=\"actions\">\n\n    <a href=\"https:\/\/www.sharmanestates.com\/index.php\/property\/monte-y-mar-top-floor-bungalow-near-all-amenties\/\" class=\"button\">More Details<\/a>\t\n\n<\/div>\t\n    <\/div>\n    \n\t\n<\/li>\n\t\t\t\t\n\t\t\t\t\t<li class=\"clear last post-1656 type-property status-publish has-post-thumbnail availability-en-location property_type-bungalow location-gran-alacant location-monte-y-mar parking-parking-dan-urbanisation outside_space-balcon-2 furnished-mueble property department-residential-lettings office-56\">\n\n\t\n    <div class=\"thumbnail\">\n    \t<a href=\"https:\/\/www.sharmanestates.com\/index.php\/fr\/property\/monte-y-mar-bungalow-pres-de-la-plage-de-carabassi\/\">\n    \t\t<img decoding=\"async\" src=\"https:\/\/www.sharmanestates.com\/wp-content\/uploads\/2020\/09\/IMG_9884-1-1024x768.jpg\" alt=\"MONTE Y MAR &#8211; BUNGALOW PR\u00c8S DE LA PLAGE DE CARABASSI\" class=\"\"><div class=\"flag flag-en-location\" style=\"position:absolute; text-transform:uppercase; font-size:13px; box-sizing:border-box; padding:7px 20px; top:0; left:0;; color:#f8bd3c; background:#411051;\">En Location<\/div>        <\/a>\n    <\/div>\n    \n    <div class=\"details\">\n    \n    \t<h3><a href=\"https:\/\/www.sharmanestates.com\/index.php\/fr\/property\/monte-y-mar-bungalow-pres-de-la-plage-de-carabassi\/\">MONTE Y MAR &#8211; BUNGALOW PR\u00c8S DE LA PLAGE DE CARABASSI<\/a><\/h3>\n        \n    \t<div class=\"price\">\n\n\tPOA\t\n\t\n<\/div><div class=\"summary\">\n\n\tCe bungalow moderne au dernier \u00e9tage avec balcon et terrasse expos\u00e9 sud, situ\u00e9 dans le quartier de Monte y Mar est disponible \u00e0 la location de vacances toute l'ann\u00e9e.\r\n\r\nAvec 2 chambres, 1 salle de bain, salon, cuisine enti\u00e8rement \u00e9quip\u00e9e, c'est l'appartement de vacances id\u00e9al pour une fami...\n<\/div><div class=\"ref\">Ref: SE004<\/div><div class=\"rooms\"><div class=\"room room-bedrooms\"><span class=\"room-count\">2<\/span> <span class=\"room-label\">Bedrooms<\/span><\/div><div class=\"room room-bathrooms\"><span class=\"room-count\">1<\/span> <span class=\"room-label\">Bathroom<\/span><\/div><div class=\"room room-receptions\"><span class=\"room-count\">1<\/span> <span class=\"room-label\">Reception<\/span><\/div><\/div><div class=\"actions\">\n\n    <a href=\"https:\/\/www.sharmanestates.com\/index.php\/fr\/property\/monte-y-mar-bungalow-pres-de-la-plage-de-carabassi\/\" class=\"button\">More Details<\/a>\t\n\n<\/div>\t\n    <\/div>\n    \n\t\n<\/li>\n\t\t\t\t\n\t\t\t\t\t<li class=\"clear first post-1278 type-property status-publish has-post-thumbnail availability-en-alquiler property_type-bungalow-planta-alta location-gran-alacant location-monte-y-mar parking-pie-de-calle outside_space-balcon outside_space-terraza furnished-amueblado property department-residential-lettings office-56\">\n\n\t\n    <div class=\"thumbnail\">\n    \t<a href=\"https:\/\/www.sharmanestates.com\/index.php\/es\/property\/monte-y-mar-bungalow-cerca-de-la-playa\/\">\n    \t\t<img decoding=\"async\" src=\"https:\/\/www.sharmanestates.com\/wp-content\/uploads\/2020\/09\/IMG_9883-1-1024x768.jpg\" alt=\"MONTE Y MAR &#8211; BUNGALOW CERCA DE LA PLAYA\" class=\"\"><div class=\"flag flag-en-alquiler\" style=\"position:absolute; text-transform:uppercase; font-size:13px; box-sizing:border-box; padding:7px 20px; top:0; left:0;; color:#f8bd3c; background:#411051;\">En Alquiler<\/div>        <\/a>\n    <\/div>\n    \n    <div class=\"details\">\n    \n    \t<h3><a href=\"https:\/\/www.sharmanestates.com\/index.php\/es\/property\/monte-y-mar-bungalow-cerca-de-la-playa\/\">MONTE Y MAR &#8211; BUNGALOW CERCA DE LA PLAYA<\/a><\/h3>\n        \n    \t<div class=\"price\">\n\n\tPOA\t\n\t\n<\/div><div class=\"summary\">\n\n\tEste moderno bungalow en planta alta con balc\u00f3n y terraza orientado al sur, ubicado en la zona de Monte y Mar est\u00e1 disponible para alquiler a corto plazo durante todo el a\u00f1o.\r\n\r\nCon 2 dormitorios, 1 ba\u00f1o, sala de estar, cocina totalmente equipada, este es el apartamento de vacaciones perfecto pa...\n<\/div><div class=\"ref\">Ref: SE004<\/div><div class=\"rooms\"><div class=\"room room-bedrooms\"><span class=\"room-count\">2<\/span> <span class=\"room-label\">Bedrooms<\/span><\/div><div class=\"room room-bathrooms\"><span class=\"room-count\">1<\/span> <span class=\"room-label\">Bathroom<\/span><\/div><div class=\"room room-receptions\"><span class=\"room-count\">1<\/span> <span class=\"room-label\">Reception<\/span><\/div><\/div><div class=\"actions\">\n\n    <a href=\"https:\/\/www.sharmanestates.com\/index.php\/es\/property\/monte-y-mar-bungalow-cerca-de-la-playa\/\" class=\"button\">More Details<\/a>\t\n\n<\/div>\t\n    <\/div>\n    \n\t\n<\/li>\n\t\t\t\t\n\t\t\t\t\t<li class=\"clear last post-1303 type-property status-publish has-post-thumbnail availability-en-alquiler property_type-bungalow-planta-alta location-gran-alacant location-novamar parking-pie-de-calle outside_space-balcon outside_space-solarium furnished-furnished property department-residential-lettings office-56\">\n\n\t\n    <div class=\"thumbnail\">\n    \t<a href=\"https:\/\/www.sharmanestates.com\/index.php\/es\/property\/novamar-5-precioso-bungalow-en-urbanizacion-privada\/\">\n    \t\t<img decoding=\"async\" src=\"https:\/\/www.sharmanestates.com\/wp-content\/uploads\/2020\/09\/DSC_0312-2019-06-22T11_23_51.063-1024x683.jpg\" alt=\"NOVAMAR 5 &#8211; PRECIOSO BUNGALOW EN URBANIZACION PRIVADA\" class=\"\"><div class=\"flag flag-en-alquiler\" style=\"position:absolute; text-transform:uppercase; font-size:13px; box-sizing:border-box; padding:7px 20px; top:0; left:0;; color:#f8bd3c; background:#411051;\">En Alquiler<\/div>        <\/a>\n    <\/div>\n    \n    <div class=\"details\">\n    \n    \t<h3><a href=\"https:\/\/www.sharmanestates.com\/index.php\/es\/property\/novamar-5-precioso-bungalow-en-urbanizacion-privada\/\">NOVAMAR 5 &#8211; PRECIOSO BUNGALOW EN URBANIZACION PRIVADA<\/a><\/h3>\n        \n    \t<div class=\"price\">\n\n\t725&euro; pw\t\n\t\n<\/div><div class=\"summary\">\n\n\tEste impresionante bungalow en planta alta con amplio sol\u00e1rium, ubicado en una de las principales residencias de Gran Alacant, Novamar, est\u00e1 disponible para alquiler vacacional durante todo el a\u00f1o.\r\n\r\nCon 2 dormitorios, 2 ba\u00f1os, sala de estar, cocina totalmente equipada, este es el apartamento d...\n<\/div><div class=\"ref\">Ref: SE001<\/div><div class=\"rooms\"><div class=\"room room-bedrooms\"><span class=\"room-count\">2<\/span> <span class=\"room-label\">Bedrooms<\/span><\/div><div class=\"room room-bathrooms\"><span class=\"room-count\">2<\/span> <span class=\"room-label\">Bathrooms<\/span><\/div><div class=\"room room-receptions\"><span class=\"room-count\">1<\/span> <span class=\"room-label\">Reception<\/span><\/div><\/div><div class=\"actions\">\n\n    <a href=\"https:\/\/www.sharmanestates.com\/index.php\/es\/property\/novamar-5-precioso-bungalow-en-urbanizacion-privada\/\" class=\"button\">More Details<\/a>\t\n\n<\/div>\t\n    <\/div>\n    \n\t\n<\/li>\n\t\t\t\t\n\t\t\t\t\t<li class=\"clear first post-939 type-property status-publish has-post-thumbnail availability-let property_type-bungalow location-gran-alacant location-novamar parking-off-road-parking outside_space-balcony furnished-furnished property department-residential-lettings office-56\">\n\n\t\n    <div class=\"thumbnail\">\n    \t<a href=\"https:\/\/www.sharmanestates.com\/index.php\/property\/novamar-3-top-floor-bungalow-near-beach\/\">\n    \t\t<img decoding=\"async\" src=\"https:\/\/www.sharmanestates.com\/wp-content\/uploads\/2020\/09\/IMG_9846-1024x768.jpg\" alt=\"NOVAMAR 3 &#8211; TOP FLOOR BUNGALOW NEAR BEACH\" class=\"\"><div class=\"flag flag-let\" style=\"position:absolute; text-transform:uppercase; font-size:13px; box-sizing:border-box; padding:7px 20px; top:0; left:0;; color:#f8bd3c; background:#411051;\">Let<\/div>        <\/a>\n    <\/div>\n    \n    <div class=\"details\">\n    \n    \t<h3><a href=\"https:\/\/www.sharmanestates.com\/index.php\/property\/novamar-3-top-floor-bungalow-near-beach\/\">NOVAMAR 3 &#8211; TOP FLOOR BUNGALOW NEAR BEACH<\/a><\/h3>\n        \n    \t<div class=\"price\">\n\n\t575&euro; pw\t\n\t\n<\/div><div class=\"summary\">\n\n\tThis idealic top floor bungalow located in the prestigeous Novamar complex, it is a perfect holiday apartment for friends and family to come and spend a relaxing time in the Costa Blanca.\r\n\r\nThe property has two spacious bedrooms, 1 renovated bathroom, american style kitchen with all white goods inc...\n<\/div><div class=\"ref\">Ref: SE003<\/div><div class=\"rooms\"><div class=\"room room-bedrooms\"><span class=\"room-count\">2<\/span> <span class=\"room-label\">Bedrooms<\/span><\/div><div class=\"room room-bathrooms\"><span class=\"room-count\">1<\/span> <span class=\"room-label\">Bathroom<\/span><\/div><div class=\"room room-receptions\"><span class=\"room-count\">1<\/span> <span class=\"room-label\">Reception<\/span><\/div><\/div><div class=\"actions\">\n\n    <a href=\"https:\/\/www.sharmanestates.com\/index.php\/property\/novamar-3-top-floor-bungalow-near-beach\/\" class=\"button\">More Details<\/a>\t\n\n<\/div>\t\n    <\/div>\n    \n\t\n<\/li>\n\t\t\t\t\n\t\t\t\t\t<li class=\"clear last post-1304 type-property status-publish has-post-thumbnail availability-en-alquiler property_type-bungalow-planta-alta location-gran-alacant location-novamar parking-parking-urbanizacion outside_space-balcon furnished-amueblado property department-residential-lettings office-56\">\n\n\t\n    <div class=\"thumbnail\">\n    \t<a href=\"https:\/\/www.sharmanestates.com\/index.php\/es\/property\/novamar-3-moderno-bungalow-con-vistas\/\">\n    \t\t<img decoding=\"async\" src=\"https:\/\/www.sharmanestates.com\/wp-content\/uploads\/2020\/09\/IMG_9846-1024x768.jpg\" alt=\"NOVAMAR 3 &#8211; MODERNO BUNGALOW CON VISTAS\" class=\"\"><div class=\"flag flag-en-alquiler\" style=\"position:absolute; text-transform:uppercase; font-size:13px; box-sizing:border-box; padding:7px 20px; top:0; left:0;; color:#f8bd3c; background:#411051;\">En Alquiler<\/div>        <\/a>\n    <\/div>\n    \n    <div class=\"details\">\n    \n    \t<h3><a href=\"https:\/\/www.sharmanestates.com\/index.php\/es\/property\/novamar-3-moderno-bungalow-con-vistas\/\">NOVAMAR 3 &#8211; MODERNO BUNGALOW CON VISTAS<\/a><\/h3>\n        \n    \t<div class=\"price\">\n\n\t575&euro; pw\t\n\t\n<\/div><div class=\"summary\">\n\n\tEste bungalow id\u00edlico ubicado en el prestigioso complejo de Novamar, es un apartamento de vacaciones perfecto para que amigos y familiares vengan y pasen un momento de relax en la Costa Blanca.\r\n\r\nLa propiedad tiene dos amplios dormitorios, 1 ba\u00f1o reformado, cocina americana con todos los electrod...\n<\/div><div class=\"ref\">Ref: SE003<\/div><div class=\"rooms\"><div class=\"room room-bedrooms\"><span class=\"room-count\">2<\/span> <span class=\"room-label\">Bedrooms<\/span><\/div><div class=\"room room-bathrooms\"><span class=\"room-count\">1<\/span> <span class=\"room-label\">Bathroom<\/span><\/div><div class=\"room room-receptions\"><span class=\"room-count\">1<\/span> <span class=\"room-label\">Reception<\/span><\/div><\/div><div class=\"actions\">\n\n    <a href=\"https:\/\/www.sharmanestates.com\/index.php\/es\/property\/novamar-3-moderno-bungalow-con-vistas\/\" class=\"button\">More Details<\/a>\t\n\n<\/div>\t\n    <\/div>\n    \n\t\n<\/li>\n\t\t\t\t\n\t\t\t\t\t<li class=\"clear first post-1653 type-property status-publish has-post-thumbnail availability-en-location property_type-bungalow location-gran-alacant location-novamar parking-parking-dan-urbanisation outside_space-balcon-2 furnished-mueble property department-residential-lettings office-56\">\n\n\t\n    <div class=\"thumbnail\">\n    \t<a href=\"https:\/\/www.sharmanestates.com\/index.php\/fr\/property\/novamar-3-bungalow-moderne-avec-vue-sur-la-montagne\/\">\n    \t\t<img decoding=\"async\" src=\"https:\/\/www.sharmanestates.com\/wp-content\/uploads\/2020\/09\/IMG_9847-1024x768.jpg\" alt=\"NOVAMAR 3 &#8211; BUNGALOW MODERNE AVEC VUE SUR LA MONTAGNE\" class=\"\"><div class=\"flag flag-en-location\" style=\"position:absolute; text-transform:uppercase; font-size:13px; box-sizing:border-box; padding:7px 20px; top:0; left:0;; color:#f8bd3c; background:#411051;\">En Location<\/div>        <\/a>\n    <\/div>\n    \n    <div class=\"details\">\n    \n    \t<h3><a href=\"https:\/\/www.sharmanestates.com\/index.php\/fr\/property\/novamar-3-bungalow-moderne-avec-vue-sur-la-montagne\/\">NOVAMAR 3 &#8211; BUNGALOW MODERNE AVEC VUE SUR LA MONTAGNE<\/a><\/h3>\n        \n    \t<div class=\"price\">\n\n\tPOA\t\n\t\n<\/div><div class=\"summary\">\n\n\tCe bungalow idyllique situ\u00e9 dans le prestigieux complexe Novamar, est un appartement de vacances id\u00e9al pour les amis et la famille qui souhaitent passer un moment de d\u00e9tente sur la Costa Blanca.\r\n\r\nLa propri\u00e9t\u00e9 dispose de deux grandes chambres, 1 salle de bain r\u00e9nov\u00e9e, cuisine am\u00e9ricaine ave...\n<\/div><div class=\"ref\">Ref: SE003<\/div><div class=\"rooms\"><div class=\"room room-bedrooms\"><span class=\"room-count\">2<\/span> <span class=\"room-label\">Bedrooms<\/span><\/div><div class=\"room room-bathrooms\"><span class=\"room-count\">1<\/span> <span class=\"room-label\">Bathroom<\/span><\/div><div class=\"room room-receptions\"><span class=\"room-count\">1<\/span> <span class=\"room-label\">Reception<\/span><\/div><\/div><div class=\"actions\">\n\n    <a href=\"https:\/\/www.sharmanestates.com\/index.php\/fr\/property\/novamar-3-bungalow-moderne-avec-vue-sur-la-montagne\/\" class=\"button\">More Details<\/a>\t\n\n<\/div>\t\n    <\/div>\n    \n\t\n<\/li>\n\t\t\t\t\n\t\t\t\t\t<li class=\"clear last post-1716 type-property status-publish has-post-thumbnail availability-zu-vermieten property_type-bungalow location-gran-alacant location-monte-y-mar parking-parken-in-urbanisation outside_space-balkon outside_space-suedliche-terrasse furnished-moebliert property department-residential-lettings office-56\">\n\n\t\n    <div class=\"thumbnail\">\n    \t<a href=\"https:\/\/www.sharmanestates.com\/index.php\/de\/property\/monte-y-mar-bungalow-in-der-naehe-des-strandes\/\">\n    \t\t<img decoding=\"async\" src=\"https:\/\/www.sharmanestates.com\/wp-content\/uploads\/2020\/09\/IMG_9884-1-1024x768.jpg\" alt=\"MONTE Y MAR &#8211; BUNGALOW IN DER N\u00c4HE DES STRANDES\" class=\"\"><div class=\"flag flag-zu-vermieten\" style=\"position:absolute; text-transform:uppercase; font-size:13px; box-sizing:border-box; padding:7px 20px; top:0; left:0;; color:#f8bd3c; background:#411051;\">Zu Vermieten<\/div>        <\/a>\n    <\/div>\n    \n    <div class=\"details\">\n    \n    \t<h3><a href=\"https:\/\/www.sharmanestates.com\/index.php\/de\/property\/monte-y-mar-bungalow-in-der-naehe-des-strandes\/\">MONTE Y MAR &#8211; BUNGALOW IN DER N\u00c4HE DES STRANDES<\/a><\/h3>\n        \n    \t<div class=\"price\">\n\n\tPOA\t\n\t\n<\/div><div class=\"summary\">\n\n\tDieser moderne Bungalow in der obersten Etage mit Balkon und Terrasse in S\u00fcdlage in der Region Monte y Mar kann das ganze Jahr \u00fcber kurzfristig gemietet werden.\r\n\r\nMit 2 Schlafzimmern, 1 Badezimmer, Wohnzimmer und voll ausgestatteter K\u00fcche ist dies die perfekte Ferienwohnung f\u00fcr eine Familie ode...\n<\/div><div class=\"ref\">Ref: SE004<\/div><div class=\"rooms\"><div class=\"room room-bedrooms\"><span class=\"room-count\">2<\/span> <span class=\"room-label\">Bedrooms<\/span><\/div><div class=\"room room-bathrooms\"><span class=\"room-count\">1<\/span> <span class=\"room-label\">Bathroom<\/span><\/div><div class=\"room room-receptions\"><span class=\"room-count\">1<\/span> <span class=\"room-label\">Reception<\/span><\/div><\/div><div class=\"actions\">\n\n    <a href=\"https:\/\/www.sharmanestates.com\/index.php\/de\/property\/monte-y-mar-bungalow-in-der-naehe-des-strandes\/\" class=\"button\">More Details<\/a>\t\n\n<\/div>\t\n    <\/div>\n    \n\t\n<\/li>\n\t\t\t\t\n\t\t\t\t\t<li class=\"clear first post-1544 type-property status-publish has-post-thumbnail availability-en-location property_type-bungalow location-gran-alacant location-novamar outside_space-balcon-2 outside_space-solarium furnished-mueble property department-residential-lettings office-56\">\n\n\t\n    <div class=\"thumbnail\">\n    \t<a href=\"https:\/\/www.sharmanestates.com\/index.php\/fr\/property\/novamar-5-bungalow-moderne-dans-une-urbanisation-privee-avec-piscine\/\">\n    \t\t<img decoding=\"async\" src=\"https:\/\/www.sharmanestates.com\/wp-content\/uploads\/2020\/09\/DSC_0312-2019-06-22T11_23_51.063-1024x683.jpg\" alt=\"NOVAMAR 5 &#8211; BUNGALOW MODERNE DANS UNE URBANISATION PRIV\u00c9E AVEC PISCINE\" class=\"\"><div class=\"flag flag-en-location\" style=\"position:absolute; text-transform:uppercase; font-size:13px; box-sizing:border-box; padding:7px 20px; top:0; left:0;; color:#f8bd3c; background:#411051;\">En Location<\/div>        <\/a>\n    <\/div>\n    \n    <div class=\"details\">\n    \n    \t<h3><a href=\"https:\/\/www.sharmanestates.com\/index.php\/fr\/property\/novamar-5-bungalow-moderne-dans-une-urbanisation-privee-avec-piscine\/\">NOVAMAR 5 &#8211; BUNGALOW MODERNE DANS UNE URBANISATION PRIV\u00c9E AVEC PISCINE<\/a><\/h3>\n        \n    \t<div class=\"price\">\n\n\tPOA\t\n\t\n<\/div><div class=\"summary\">\n\n\tCet impressionnant bungalow au dernier \u00e9tage avec grand solarium, situ\u00e9 dans l'une des r\u00e9sidences principales de Gran Alacant, Novamar, est disponible \u00e0 la location de vacances toute l'ann\u00e9e.\r\n\r\nAvec 2 chambres, 2 salles de bain, salon, cuisine enti\u00e8rement \u00e9quip\u00e9e, c'est l'appartement de vac...\n<\/div><div class=\"ref\">Ref: SE001<\/div><div class=\"rooms\"><div class=\"room room-bedrooms\"><span class=\"room-count\">2<\/span> <span class=\"room-label\">Bedrooms<\/span><\/div><div class=\"room room-bathrooms\"><span class=\"room-count\">2<\/span> <span class=\"room-label\">Bathrooms<\/span><\/div><div class=\"room room-receptions\"><span class=\"room-count\">1<\/span> <span class=\"room-label\">Reception<\/span><\/div><\/div><div class=\"actions\">\n\n    <a href=\"https:\/\/www.sharmanestates.com\/index.php\/fr\/property\/novamar-5-bungalow-moderne-dans-une-urbanisation-privee-avec-piscine\/\" class=\"button\">More Details<\/a>\t\n\n<\/div>\t\n    <\/div>\n    \n\t\n<\/li>\n\t\t\t\t\n\t\t\t\t\t<li class=\"clear last post-1709 type-property status-publish has-post-thumbnail availability-zu-vermieten property_type-bungalow location-gran-alacant location-novamar parking-parken-auf-der-strasse outside_space-balkon outside_space-solarium property department-residential-lettings office-56\">\n\n\t\n    <div class=\"thumbnail\">\n    \t<a href=\"https:\/\/www.sharmanestates.com\/index.php\/de\/property\/novamar-5-schoener-bungalow-in-einer-privaten-urbanisation\/\">\n    \t\t<img decoding=\"async\" src=\"https:\/\/www.sharmanestates.com\/wp-content\/uploads\/2020\/09\/DSC_0312-2019-06-22T11_23_51.063-1024x683.jpg\" alt=\"NOVAMAR 5 &#8211;  SCH\u00d6NER BUNGALOW IN EINER PRIVATEN URBANISATION\" class=\"\"><div class=\"flag flag-zu-vermieten\" style=\"position:absolute; text-transform:uppercase; font-size:13px; box-sizing:border-box; padding:7px 20px; top:0; left:0;; color:#f8bd3c; background:#411051;\">Zu Vermieten<\/div>        <\/a>\n    <\/div>\n    \n    <div class=\"details\">\n    \n    \t<h3><a href=\"https:\/\/www.sharmanestates.com\/index.php\/de\/property\/novamar-5-schoener-bungalow-in-einer-privaten-urbanisation\/\">NOVAMAR 5 &#8211;  SCH\u00d6NER BUNGALOW IN EINER PRIVATEN URBANISATION<\/a><\/h3>\n        \n    \t<div class=\"price\">\n\n\tPOA\t\n\t\n<\/div><div class=\"summary\">\n\n\tDieser beeindruckende Bungalow in der obersten Etage mit gro\u00dfem Solarium befindet sich in einer der Hauptresidenzen in Gran Alacant, Novamar, und kann das ganze Jahr \u00fcber vermietet werden.\r\n\r\nMit 2 Schlafzimmern, 2 B\u00e4dern, einem Wohnzimmer und einer voll ausgestatteten K\u00fcche ist dies die perfekt...\n<\/div><div class=\"ref\">Ref: SE001<\/div><div class=\"rooms\"><div class=\"room room-bedrooms\"><span class=\"room-count\">2<\/span> <span class=\"room-label\">Bedrooms<\/span><\/div><div class=\"room room-bathrooms\"><span class=\"room-count\">2<\/span> <span class=\"room-label\">Bathrooms<\/span><\/div><div class=\"room room-receptions\"><span class=\"room-count\">1<\/span> <span class=\"room-label\">Reception<\/span><\/div><\/div><div class=\"actions\">\n\n    <a href=\"https:\/\/www.sharmanestates.com\/index.php\/de\/property\/novamar-5-schoener-bungalow-in-einer-privaten-urbanisation\/\" class=\"button\">More Details<\/a>\t\n\n<\/div>\t\n    <\/div>\n    \n\t\n<\/li>\n\t\t\t\t\n\t\t\t<\/ul>\n\t\t<\/div>\n","protected":false},"excerpt":{"rendered":"","protected":false},"author":5,"featured_media":0,"parent":0,"menu_order":0,"comment_status":"closed","ping_status":"closed","template":"","meta":{"_monsterinsights_skip_tracking":false,"_monsterinsights_sitenote_active":false,"_monsterinsights_sitenote_note":"","_monsterinsights_sitenote_category":0,"footnotes":""},"jetpack_sharing_enabled":true,"_links":{"self":[{"href":"https:\/\/www.sharmanestates.com\/index.php\/wp-json\/wp\/v2\/pages\/581"}],"collection":[{"href":"https:\/\/www.sharmanestates.com\/index.php\/wp-json\/wp\/v2\/pages"}],"about":[{"href":"https:\/\/www.sharmanestates.com\/index.php\/wp-json\/wp\/v2\/types\/page"}],"author":[{"embeddable":true,"href":"https:\/\/www.sharmanestates.com\/index.php\/wp-json\/wp\/v2\/users\/5"}],"replies":[{"embeddable":true,"href":"https:\/\/www.sharmanestates.com\/index.php\/wp-json\/wp\/v2\/comments?post=581"}],"version-history":[{"count":5,"href":"https:\/\/www.sharmanestates.com\/index.php\/wp-json\/wp\/v2\/pages\/581\/revisions"}],"predecessor-version":[{"id":770,"href":"https:\/\/www.sharmanestates.com\/index.php\/wp-json\/wp\/v2\/pages\/581\/revisions\/770"}],"wp:attachment":[{"href":"https:\/\/www.sharmanestates.com\/index.php\/wp-json\/wp\/v2\/media?parent=581"}],"curies":[{"name":"wp","href":"https:\/\/api.w.org\/{rel}","templated":true}]}}