













{"id":587,"date":"2020-08-17T19:01:36","date_gmt":"2020-08-17T19:01:36","guid":{"rendered":"https:\/\/www.sharmanestates.com\/?page_id=13"},"modified":"2020-09-07T16:18:51","modified_gmt":"2020-09-07T16:18:51","slug":"zum-verkauf","status":"publish","type":"page","link":"https:\/\/www.sharmanestates.com\/index.php\/de\/zum-verkauf\/","title":{"rendered":"Zum Verkauf"},"content":{"rendered":"\n<p>Immobilien zum Verkauf<\/p>\n\n\n<div class=\"propertyhive propertyhive-properties-shortcode columns-2\">\n\t\t\t<ul class=\"properties propertyhive-shortcode-carousel clear\">\n\t\t\t\t\n\t\t\t\t\t<li class=\"clear first featured post-1814 type-property status-publish has-post-thumbnail availability-for-sale property_type-flat-apartment location-arenales-del-sol parking-carport outside_space-balcony outside_space-terrace property department-residential-sales office-56\">\n\n\t\n    <div class=\"thumbnail\">\n    \t<a href=\"https:\/\/www.sharmanestates.com\/index.php\/property\/infinity-view-modern-new-build-apartment-with-a-magnificant-view\/\">\n    \t\t<img decoding=\"async\" src=\"https:\/\/www.sharmanestates.com\/wp-content\/uploads\/2020\/11\/Ref-417-Infinity1-Building2-1024x768.jpg\" alt=\"INFINITY VIEW &#8211; MODERN NEW BUILD APARTMENT WITH A MAGNIFICANT VIEW\" class=\"\"><div class=\"flag flag-for-sale\" style=\"position:absolute; text-transform:uppercase; font-size:13px; box-sizing:border-box; padding:7px 20px; top:0; left:0;; color:#f8bd3c; background:#411051;\">For Sale<\/div>        <\/a>\n    <\/div>\n    \n    <div class=\"details\">\n    \n    \t<h3><a href=\"https:\/\/www.sharmanestates.com\/index.php\/property\/infinity-view-modern-new-build-apartment-with-a-magnificant-view\/\">INFINITY VIEW &#8211; MODERN NEW BUILD APARTMENT WITH A MAGNIFICANT VIEW<\/a><\/h3>\n        \n    \t<div class=\"price\">\n\n\t384,990&euro;\t\n\t\n<\/div><div class=\"summary\">\n\n\tFantastic apartment for sale in Infinity View in Arenales. Stay just 250 meters from the popular Carabassi Beach. This could be your new dream home in sunny Alicante.\r\n\r\nThe apartment was built in 2016 by TM Group, who is known for building high quality properties on the Costa Blanca coast. The urba...\n<\/div><div class=\"ref\">Ref: SE020<\/div><div class=\"rooms\"><div class=\"room room-bedrooms\"><span class=\"room-count\">2<\/span> <span class=\"room-label\">Bedrooms<\/span><\/div><div class=\"room room-bathrooms\"><span class=\"room-count\">2<\/span> <span class=\"room-label\">Bathrooms<\/span><\/div><div class=\"room room-receptions\"><span class=\"room-count\">1<\/span> <span class=\"room-label\">Reception<\/span><\/div><\/div><div class=\"actions\">\n\n    <a href=\"https:\/\/www.sharmanestates.com\/index.php\/property\/infinity-view-modern-new-build-apartment-with-a-magnificant-view\/\" class=\"button\">More Details<\/a>\t\n\n<\/div>\t\n    <\/div>\n    \n\t\n<\/li>\n\t\t\t\t\n\t\t\t\t\t<li class=\"clear last post-1817 type-property status-publish has-post-thumbnail availability-for-sale property_type-house location-gran-alacant location-monte-y-mar parking-garaje parking-off-road-parking outside_space-garden outside_space-private-swimming-pool outside_space-terrace property department-residential-sales office-56\">\n\n\t\n    <div class=\"thumbnail\">\n    \t<a href=\"https:\/\/www.sharmanestates.com\/index.php\/property\/monte-y-mar-gorgeous-independant-villa-con-tranquile-street\/\">\n    \t\t<img decoding=\"async\" src=\"https:\/\/www.sharmanestates.com\/wp-content\/uploads\/2020\/11\/Ref-404-Monte1-Front2-1024x768.jpg\" alt=\"MONTE Y MAR- GORGEOUS INDEPENDANT VILLA ON TRANQUILE STREET\" class=\"\"><div class=\"flag flag-for-sale\" style=\"position:absolute; text-transform:uppercase; font-size:13px; box-sizing:border-box; padding:7px 20px; top:0; left:0;; color:#f8bd3c; background:#411051;\">For Sale<\/div>        <\/a>\n    <\/div>\n    \n    <div class=\"details\">\n    \n    \t<h3><a href=\"https:\/\/www.sharmanestates.com\/index.php\/property\/monte-y-mar-gorgeous-independant-villa-con-tranquile-street\/\">MONTE Y MAR- GORGEOUS INDEPENDANT VILLA ON TRANQUILE STREET<\/a><\/h3>\n        \n    \t<div class=\"price\">\n\n\t380,000&euro;\t\n\t\n<\/div><div class=\"summary\">\n\n\t\r\n\r\n\r\nDetached villa with pool in Gran Alacant. The property has 160 m. of surface that sits on 400m. plot area and only 10 min dirve from Carabassi beach.\r\n\r\nBuilt over two floors, the layout\u00a0 on the ground floor consists of 2 bedrooms and 2 bathroom, a large living room and fully equipped kitchen...\n<\/div><div class=\"ref\">Ref: SE019<\/div><div class=\"rooms\"><div class=\"room room-bedrooms\"><span class=\"room-count\">3<\/span> <span class=\"room-label\">Bedrooms<\/span><\/div><div class=\"room room-bathrooms\"><span class=\"room-count\">4<\/span> <span class=\"room-label\">Bathrooms<\/span><\/div><div class=\"room room-receptions\"><span class=\"room-count\">1<\/span> <span class=\"room-label\">Reception<\/span><\/div><\/div><div class=\"actions\">\n\n    <a href=\"https:\/\/www.sharmanestates.com\/index.php\/property\/monte-y-mar-gorgeous-independant-villa-con-tranquile-street\/\" class=\"button\">More Details<\/a>\t\n\n<\/div>\t\n    <\/div>\n    \n\t\n<\/li>\n\t\t\t\t\n\t\t\t\t\t<li class=\"clear first post-2151 type-property status-publish has-post-thumbnail availability-for-sale property_type-flat-apartment location-arenales-del-sol parking-carport outside_space-balcony outside_space-terrace property department-residential-sales office-56\">\n\n\t\n    <div class=\"thumbnail\">\n    \t<a href=\"https:\/\/www.sharmanestates.com\/index.php\/property\/infinity-view-stunning-apartment-in-luxury-complex\/\">\n    \t\t<img decoding=\"async\" src=\"https:\/\/www.sharmanestates.com\/wp-content\/uploads\/2020\/11\/2.jpg\" alt=\"INFINITY VIEW &#8211; STUNNING APARTMENT IN LUXURY COMPLEX\" class=\"\"><div class=\"flag flag-for-sale\" style=\"position:absolute; text-transform:uppercase; font-size:13px; box-sizing:border-box; padding:7px 20px; top:0; left:0;; color:#f8bd3c; background:#411051;\">For Sale<\/div>        <\/a>\n    <\/div>\n    \n    <div class=\"details\">\n    \n    \t<h3><a href=\"https:\/\/www.sharmanestates.com\/index.php\/property\/infinity-view-stunning-apartment-in-luxury-complex\/\">INFINITY VIEW &#8211; STUNNING APARTMENT IN LUXURY COMPLEX<\/a><\/h3>\n        \n    \t<div class=\"price\">\n\n\t374,990&euro;\t\n\t\n<\/div><div class=\"summary\">\n\n\t\r\n\r\n\r\nFantastic apartment for sale in Infinity View in Arenales. Stay just 250 meters from the popular Carabassi Beach. This could be your new dream home in sunny Alicante.\r\n\r\nThe apartment was built in 2016 by TM Group, who is known for building high quality properties on the Costa Blanca coast. Th...\n<\/div><div class=\"ref\">Ref: SE021<\/div><div class=\"rooms\"><div class=\"room room-bedrooms\"><span class=\"room-count\">2<\/span> <span class=\"room-label\">Bedrooms<\/span><\/div><div class=\"room room-bathrooms\"><span class=\"room-count\">2<\/span> <span class=\"room-label\">Bathrooms<\/span><\/div><div class=\"room room-receptions\"><span class=\"room-count\">1<\/span> <span class=\"room-label\">Reception<\/span><\/div><\/div><div class=\"actions\">\n\n    <a href=\"https:\/\/www.sharmanestates.com\/index.php\/property\/infinity-view-stunning-apartment-in-luxury-complex\/\" class=\"button\">More Details<\/a>\t\n\n<\/div>\t\n    <\/div>\n    \n\t\n<\/li>\n\t\t\t\t\n\t\t\t\t\t<li class=\"clear last post-1776 type-property status-publish has-post-thumbnail availability-for-sale property_type-detached-house location-gran-alacant location-monte-y-mar parking-driveway outside_space-balcony outside_space-private-swimming-pool outside_space-solarium outside_space-south-facing-garden property department-residential-sales office-56\">\n\n\t\n    <div class=\"thumbnail\">\n    \t<a href=\"https:\/\/www.sharmanestates.com\/index.php\/property\/monte-y-mar-gorgeous-private-villa-with-pool\/\">\n    \t\t<img decoding=\"async\" src=\"https:\/\/www.sharmanestates.com\/wp-content\/uploads\/2020\/10\/2-2-1024x768.jpg\" alt=\"MONTE Y MAR &#8211; GORGEOUS PRIVATE VILLA WITH POOL &#038; GARDENS\" class=\"\"><div class=\"flag flag-for-sale\" style=\"position:absolute; text-transform:uppercase; font-size:13px; box-sizing:border-box; padding:7px 20px; top:0; left:0;; color:#f8bd3c; background:#411051;\">For Sale<\/div>        <\/a>\n    <\/div>\n    \n    <div class=\"details\">\n    \n    \t<h3><a href=\"https:\/\/www.sharmanestates.com\/index.php\/property\/monte-y-mar-gorgeous-private-villa-with-pool\/\">MONTE Y MAR &#8211; GORGEOUS PRIVATE VILLA WITH POOL &#038; GARDENS<\/a><\/h3>\n        \n    \t<div class=\"price\">\n\n\t369,499&euro;\t\n\t\n<\/div><div class=\"summary\">\n\n\tSharman Estates is proud to present this gorgeous detached villa in the lovely town of Gran Alacant.\r\n\r\nThis beautiful and well maintained villa with private pool is located in the Monte y Mar urbanization in Gran Alacant in a quiet area and has stunning views of the mountains and the bay of Alicant...\n<\/div><div class=\"ref\">Ref: SE018<\/div><div class=\"rooms\"><div class=\"room room-bedrooms\"><span class=\"room-count\">3<\/span> <span class=\"room-label\">Bedrooms<\/span><\/div><div class=\"room room-bathrooms\"><span class=\"room-count\">3<\/span> <span class=\"room-label\">Bathrooms<\/span><\/div><div class=\"room room-receptions\"><span class=\"room-count\">1<\/span> <span class=\"room-label\">Reception<\/span><\/div><\/div><div class=\"actions\">\n\n    <a href=\"https:\/\/www.sharmanestates.com\/index.php\/property\/monte-y-mar-gorgeous-private-villa-with-pool\/\" class=\"button\">More Details<\/a>\t\n\n<\/div>\t\n    <\/div>\n    \n\t\n<\/li>\n\t\t\t\t\n\t\t\t\t\t<li class=\"clear first post-1739 type-property status-publish has-post-thumbnail availability-zu-verkaufen property_type-unabhagiges-chalet location-gran-alacant location-monte-y-mar parking-privater-parkplatz outside_space-privater-pool outside_space-solarium outside_space-suedliche-terrasse property department-residential-sales office-56\">\n\n\t\n    <div class=\"thumbnail\">\n    \t<a href=\"https:\/\/www.sharmanestates.com\/index.php\/de\/property\/monte-y-mar-unabhaengiges-chalet-mit-pool-und-reformiertem-keller\/\">\n    \t\t<img decoding=\"async\" src=\"https:\/\/www.sharmanestates.com\/wp-content\/uploads\/2020\/10\/DSC09879-2.jpg\" alt=\"MONTE Y MAR &#8211; UNABH\u00c4NGIGES CHALET MIT POOL UND REFORMIERTEM KELLER\" class=\"\"><div class=\"flag flag-zu-verkaufen\" style=\"position:absolute; text-transform:uppercase; font-size:13px; box-sizing:border-box; padding:7px 20px; top:0; left:0;; color:#f8bd3c; background:#411051;\">Zu Verkaufen<\/div>        <\/a>\n    <\/div>\n    \n    <div class=\"details\">\n    \n    \t<h3><a href=\"https:\/\/www.sharmanestates.com\/index.php\/de\/property\/monte-y-mar-unabhaengiges-chalet-mit-pool-und-reformiertem-keller\/\">MONTE Y MAR &#8211; UNABH\u00c4NGIGES CHALET MIT POOL UND REFORMIERTEM KELLER<\/a><\/h3>\n        \n    \t<div class=\"price\">\n\n\t329,000&euro;\t\n\t\n<\/div><div class=\"summary\">\n\n\tSharman Estates ist stolz darauf, diese sch\u00f6ne freistehende Villa mit privatem Pool in der Gegend von Monte y Mar in Gran Alacant zu pr\u00e4sentieren. Das Anwesen ist auf einem 311m2 gro\u00dfen Grundst\u00fcck gebaut und die Villa hat 200m2.\r\n\r\nBeim Betreten des Grundst\u00fccks finden wir einen privaten Pool na...\n<\/div><div class=\"ref\">Ref: SE014<\/div><div class=\"rooms\"><div class=\"room room-bedrooms\"><span class=\"room-count\">5<\/span> <span class=\"room-label\">Bedrooms<\/span><\/div><div class=\"room room-bathrooms\"><span class=\"room-count\">3<\/span> <span class=\"room-label\">Bathrooms<\/span><\/div><div class=\"room room-receptions\"><span class=\"room-count\">2<\/span> <span class=\"room-label\">Receptions<\/span><\/div><\/div><div class=\"actions\">\n\n    <a href=\"https:\/\/www.sharmanestates.com\/index.php\/de\/property\/monte-y-mar-unabhaengiges-chalet-mit-pool-und-reformiertem-keller\/\" class=\"button\">More Details<\/a>\t\n\n<\/div>\t\n    <\/div>\n    \n\t\n<\/li>\n\t\t\t\t\n\t\t\t\t\t<li class=\"clear last post-1516 type-property status-publish has-post-thumbnail availability-en-venta property_type-chalet-independiente location-gran-alacant location-monte-y-mar parking-parking-en-parcela outside_space-jardin-orientacion-sur outside_space-piscina-privada outside_space-solarium property department-residential-sales office-56\">\n\n\t\n    <div class=\"thumbnail\">\n    \t<a href=\"https:\/\/www.sharmanestates.com\/index.php\/es\/property\/monte-y-mar-chalet-independiente-con-piscina-y-sotano-reformado\/\">\n    \t\t<img decoding=\"async\" src=\"https:\/\/www.sharmanestates.com\/wp-content\/uploads\/2020\/10\/DSC09879-2.jpg\" alt=\"MONTE Y MAR &#8211; CHALET INDEPENDIENTE CON PISCINA Y SOTANO REFORMADO\" class=\"\"><div class=\"flag flag-en-venta\" style=\"position:absolute; text-transform:uppercase; font-size:13px; box-sizing:border-box; padding:7px 20px; top:0; left:0;; color:#f8bd3c; background:#411051;\">En Venta<\/div>        <\/a>\n    <\/div>\n    \n    <div class=\"details\">\n    \n    \t<h3><a href=\"https:\/\/www.sharmanestates.com\/index.php\/es\/property\/monte-y-mar-chalet-independiente-con-piscina-y-sotano-reformado\/\">MONTE Y MAR &#8211; CHALET INDEPENDIENTE CON PISCINA Y SOTANO REFORMADO<\/a><\/h3>\n        \n    \t<div class=\"price\">\n\n\t329,000&euro;\t\n\t\n<\/div><div class=\"summary\">\n\n\tSharman Estates se enorgullece de presentar este hermoso chalet independiente con piscina privada en la zona de Monte y Mar en Gran Alacant. La propiedad est\u00e1 construida sobre una parcela de 311m2 y la villa\u00a0 cuenta con 200m2.\r\n\r\nAl entrar en la parcela, nos encontramos con una piscina privada hec...\n<\/div><div class=\"ref\">Ref: SE014<\/div><div class=\"rooms\"><div class=\"room room-bedrooms\"><span class=\"room-count\">5<\/span> <span class=\"room-label\">Bedrooms<\/span><\/div><div class=\"room room-bathrooms\"><span class=\"room-count\">3<\/span> <span class=\"room-label\">Bathrooms<\/span><\/div><div class=\"room room-receptions\"><span class=\"room-count\">2<\/span> <span class=\"room-label\">Receptions<\/span><\/div><\/div><div class=\"actions\">\n\n    <a href=\"https:\/\/www.sharmanestates.com\/index.php\/es\/property\/monte-y-mar-chalet-independiente-con-piscina-y-sotano-reformado\/\" class=\"button\">More Details<\/a>\t\n\n<\/div>\t\n    <\/div>\n    \n\t\n<\/li>\n\t\t\t\t\n\t\t\t\t\t<li class=\"clear first post-1488 type-property status-publish has-post-thumbnail availability-for-sale property_type-detached-house location-gran-alacant location-monte-y-mar parking-driveway outside_space-private-swimming-pool outside_space-solarium outside_space-south-facing-garden property department-residential-sales office-56\">\n\n\t\n    <div class=\"thumbnail\">\n    \t<a href=\"https:\/\/www.sharmanestates.com\/index.php\/property\/monte-y-mar-beautiful-villa-with-private-pool-and-views\/\">\n    \t\t<img decoding=\"async\" src=\"https:\/\/www.sharmanestates.com\/wp-content\/uploads\/2020\/10\/DSC09879-2.jpg\" alt=\"MONTE Y MAR &#8211; BEAUTIFUL VILLA WITH PRIVATE POOL AND VIEWS\" class=\"\"><div class=\"flag flag-for-sale\" style=\"position:absolute; text-transform:uppercase; font-size:13px; box-sizing:border-box; padding:7px 20px; top:0; left:0;; color:#f8bd3c; background:#411051;\">For Sale<\/div>        <\/a>\n    <\/div>\n    \n    <div class=\"details\">\n    \n    \t<h3><a href=\"https:\/\/www.sharmanestates.com\/index.php\/property\/monte-y-mar-beautiful-villa-with-private-pool-and-views\/\">MONTE Y MAR &#8211; BEAUTIFUL VILLA WITH PRIVATE POOL AND VIEWS<\/a><\/h3>\n        \n    \t<div class=\"price\">\n\n\t329,000&euro;\t\n\t\n<\/div><div class=\"summary\">\n\n\tSharman Estates is proud to present this beautiful independant villa with private swimming pool in Gran Alacant's Monte y Mar area. The property is built on a 311m2 plot and the villa alone boasts of 200m2 of it.\r\n\r\nUpon stepping into the garden area we are greeted with a custom built private pool, ...\n<\/div><div class=\"ref\">Ref: SE014<\/div><div class=\"rooms\"><div class=\"room room-bedrooms\"><span class=\"room-count\">5<\/span> <span class=\"room-label\">Bedrooms<\/span><\/div><div class=\"room room-bathrooms\"><span class=\"room-count\">3<\/span> <span class=\"room-label\">Bathrooms<\/span><\/div><div class=\"room room-receptions\"><span class=\"room-count\">2<\/span> <span class=\"room-label\">Receptions<\/span><\/div><\/div><div class=\"actions\">\n\n    <a href=\"https:\/\/www.sharmanestates.com\/index.php\/property\/monte-y-mar-beautiful-villa-with-private-pool-and-views\/\" class=\"button\">More Details<\/a>\t\n\n<\/div>\t\n    <\/div>\n    \n\t\n<\/li>\n\t\t\t\t\n\t\t\t\t\t<li class=\"clear last post-1703 type-property status-publish has-post-thumbnail availability-en-vente property_type-villa-independante location-gran-alacant location-monte-y-mar parking-parking-privee outside_space-jardin-2 outside_space-piscine-privee outside_space-solarium outside_space-terrasse property department-residential-sales office-56\">\n\n\t\n    <div class=\"thumbnail\">\n    \t<a href=\"https:\/\/www.sharmanestates.com\/index.php\/fr\/property\/monte-y-mar-villa-independante-avec-piscine-et-sous-sol-renove\/\">\n    \t\t<img decoding=\"async\" src=\"https:\/\/www.sharmanestates.com\/wp-content\/uploads\/2020\/10\/DSC09879-2.jpg\" alt=\"MONTE Y MAR &#8211;  VILLA IND\u00c9PENDANTE AVEC PISCINE ET SOUS-SOL R\u00c9NOV\u00c9\" class=\"\"><div class=\"flag flag-en-vente\" style=\"position:absolute; text-transform:uppercase; font-size:13px; box-sizing:border-box; padding:7px 20px; top:0; left:0;; color:#f8bd3c; background:#411051;\">En Vente<\/div>        <\/a>\n    <\/div>\n    \n    <div class=\"details\">\n    \n    \t<h3><a href=\"https:\/\/www.sharmanestates.com\/index.php\/fr\/property\/monte-y-mar-villa-independante-avec-piscine-et-sous-sol-renove\/\">MONTE Y MAR &#8211;  VILLA IND\u00c9PENDANTE AVEC PISCINE ET SOUS-SOL R\u00c9NOV\u00c9<\/a><\/h3>\n        \n    \t<div class=\"price\">\n\n\t329,000&euro;\t\n\t\n<\/div><div class=\"summary\">\n\n\tSharman Estates est fier de pr\u00e9senter cette belle villa individuelle avec piscine priv\u00e9e dans le quartier Monte y Mar de Gran Alacant. La propri\u00e9t\u00e9 est construite sur un terrain de 311m2 et la villa a 200m2.\r\n\r\nEn entrant dans la parcelle, on trouve une piscine priv\u00e9e sur mesure, une grande ter...\n<\/div><div class=\"ref\">Ref: SE014<\/div><div class=\"rooms\"><div class=\"room room-bedrooms\"><span class=\"room-count\">5<\/span> <span class=\"room-label\">Bedrooms<\/span><\/div><div class=\"room room-bathrooms\"><span class=\"room-count\">3<\/span> <span class=\"room-label\">Bathrooms<\/span><\/div><div class=\"room room-receptions\"><span class=\"room-count\">2<\/span> <span class=\"room-label\">Receptions<\/span><\/div><\/div><div class=\"actions\">\n\n    <a href=\"https:\/\/www.sharmanestates.com\/index.php\/fr\/property\/monte-y-mar-villa-independante-avec-piscine-et-sous-sol-renove\/\" class=\"button\">More Details<\/a>\t\n\n<\/div>\t\n    <\/div>\n    \n\t\n<\/li>\n\t\t\t\t\n\t\t\t\t\t<li class=\"clear first post-1731 type-property status-publish has-post-thumbnail availability-zu-verkaufen location-gran-alacant location-monte-y-mar parking-privater-parkplatz outside_space-garten outside_space-privater-pool outside_space-solarium outside_space-suedliche-terrasse property department-residential-sales office-56\">\n\n\t\n    <div class=\"thumbnail\">\n    \t<a href=\"https:\/\/www.sharmanestates.com\/index.php\/de\/property\/monte-y-mar-unabhaengiges-chalet-mit-privatem-pool\/\">\n    \t\t<img decoding=\"async\" src=\"https:\/\/www.sharmanestates.com\/wp-content\/uploads\/2020\/09\/Ref-421-Monte1-Front2.jpg\" alt=\"MONTE Y MAR &#8211; UNABH\u00c4NGIGES CHALET MIT PRIVATEM POOL\" class=\"\"><div class=\"flag flag-zu-verkaufen\" style=\"position:absolute; text-transform:uppercase; font-size:13px; box-sizing:border-box; padding:7px 20px; top:0; left:0;; color:#f8bd3c; background:#411051;\">Zu Verkaufen<\/div>        <\/a>\n    <\/div>\n    \n    <div class=\"details\">\n    \n    \t<h3><a href=\"https:\/\/www.sharmanestates.com\/index.php\/de\/property\/monte-y-mar-unabhaengiges-chalet-mit-privatem-pool\/\">MONTE Y MAR &#8211; UNABH\u00c4NGIGES CHALET MIT PRIVATEM POOL<\/a><\/h3>\n        \n    \t<div class=\"price\">\n\n\t255,000&euro;\t\n\t\n<\/div><div class=\"summary\">\n\n\tFreistehende Villa mit Pool in Gran Alacant hat 130 m. Oberfl\u00e4che \u00fcber 400m. Es ist nur 10 Minuten mit dem Auto vom Carabassi Beach entfernt.\r\n\r\nDas auf zwei Etagen erbaute Erdgeschoss besteht aus 2 Schlafzimmern und 2 B\u00e4dern, einem ger\u00e4umigen Wohnzimmer und einer voll ausgestatteten K\u00fcche. Die...\n<\/div><div class=\"ref\">Ref: SE008<\/div><div class=\"rooms\"><div class=\"room room-bedrooms\"><span class=\"room-count\">3<\/span> <span class=\"room-label\">Bedrooms<\/span><\/div><div class=\"room room-bathrooms\"><span class=\"room-count\">3<\/span> <span class=\"room-label\">Bathrooms<\/span><\/div><div class=\"room room-receptions\"><span class=\"room-count\">1<\/span> <span class=\"room-label\">Reception<\/span><\/div><\/div><div class=\"actions\">\n\n    <a href=\"https:\/\/www.sharmanestates.com\/index.php\/de\/property\/monte-y-mar-unabhaengiges-chalet-mit-privatem-pool\/\" class=\"button\">More Details<\/a>\t\n\n<\/div>\t\n    <\/div>\n    \n\t\n<\/li>\n\t\t\t\t\n\t\t\t\t\t<li class=\"clear last post-1318 type-property status-publish has-post-thumbnail availability-en-venta property_type-chalet-independiente location-gran-alacant location-monte-y-mar parking-parking-en-parcela outside_space-jardin outside_space-solarium outside_space-terraza property department-residential-sales office-56\">\n\n\t\n    <div class=\"thumbnail\">\n    \t<a href=\"https:\/\/www.sharmanestates.com\/index.php\/es\/property\/monte-y-mar-chalet-independiente-con-piscina-privada\/\">\n    \t\t<img decoding=\"async\" src=\"https:\/\/www.sharmanestates.com\/wp-content\/uploads\/2020\/09\/Ref-421-Monte1-Front2.jpg\" alt=\"MONTE Y MAR &#8211; CHALET INDEPENDIENTE CON PISCINA PRIVADA\" class=\"\"><div class=\"flag flag-en-venta\" style=\"position:absolute; text-transform:uppercase; font-size:13px; box-sizing:border-box; padding:7px 20px; top:0; left:0;; color:#f8bd3c; background:#411051;\">En Venta<\/div>        <\/a>\n    <\/div>\n    \n    <div class=\"details\">\n    \n    \t<h3><a href=\"https:\/\/www.sharmanestates.com\/index.php\/es\/property\/monte-y-mar-chalet-independiente-con-piscina-privada\/\">MONTE Y MAR &#8211; CHALET INDEPENDIENTE CON PISCINA PRIVADA<\/a><\/h3>\n        \n    \t<div class=\"price\">\n\n\t255,000&euro;\t\n\t\n<\/div><div class=\"summary\">\n\n\tChalet independiente con piscina en Gran Alacant dispone de 130 m. de superficie sobre 400m. de parcela y se encuentra a s\u00f3lo 10 min en coche de la Playa de Carabassi.\r\n\r\nConstruida en dos plantas, la distribuci\u00f3n en planta baja consta de 2 dormitorios y 2 ba\u00f1os, amplio sal\u00f3n y cocina totalmente...\n<\/div><div class=\"ref\">Ref: SE008<\/div><div class=\"rooms\"><div class=\"room room-bedrooms\"><span class=\"room-count\">3<\/span> <span class=\"room-label\">Bedrooms<\/span><\/div><div class=\"room room-bathrooms\"><span class=\"room-count\">3<\/span> <span class=\"room-label\">Bathrooms<\/span><\/div><div class=\"room room-receptions\"><span class=\"room-count\">1<\/span> <span class=\"room-label\">Reception<\/span><\/div><\/div><div class=\"actions\">\n\n    <a href=\"https:\/\/www.sharmanestates.com\/index.php\/es\/property\/monte-y-mar-chalet-independiente-con-piscina-privada\/\" class=\"button\">More Details<\/a>\t\n\n<\/div>\t\n    <\/div>\n    \n\t\n<\/li>\n\t\t\t\t\n\t\t\t<\/ul>\n\t\t<\/div>\n\n\n\n<p><\/p>\n","protected":false},"excerpt":{"rendered":"<p>Immobilien zum Verkauf<\/p>\n","protected":false},"author":5,"featured_media":0,"parent":0,"menu_order":0,"comment_status":"closed","ping_status":"closed","template":"","meta":{"_monsterinsights_skip_tracking":false,"_monsterinsights_sitenote_active":false,"_monsterinsights_sitenote_note":"","_monsterinsights_sitenote_category":0,"footnotes":""},"jetpack_sharing_enabled":true,"_links":{"self":[{"href":"https:\/\/www.sharmanestates.com\/index.php\/wp-json\/wp\/v2\/pages\/587"}],"collection":[{"href":"https:\/\/www.sharmanestates.com\/index.php\/wp-json\/wp\/v2\/pages"}],"about":[{"href":"https:\/\/www.sharmanestates.com\/index.php\/wp-json\/wp\/v2\/types\/page"}],"author":[{"embeddable":true,"href":"https:\/\/www.sharmanestates.com\/index.php\/wp-json\/wp\/v2\/users\/5"}],"replies":[{"embeddable":true,"href":"https:\/\/www.sharmanestates.com\/index.php\/wp-json\/wp\/v2\/comments?post=587"}],"version-history":[{"count":1,"href":"https:\/\/www.sharmanestates.com\/index.php\/wp-json\/wp\/v2\/pages\/587\/revisions"}],"predecessor-version":[{"id":600,"href":"https:\/\/www.sharmanestates.com\/index.php\/wp-json\/wp\/v2\/pages\/587\/revisions\/600"}],"wp:attachment":[{"href":"https:\/\/www.sharmanestates.com\/index.php\/wp-json\/wp\/v2\/media?parent=587"}],"curies":[{"name":"wp","href":"https:\/\/api.w.org\/{rel}","templated":true}]}}